{"id":57,"date":"2023-10-26T15:59:26","date_gmt":"2023-10-26T13:59:26","guid":{"rendered":"http:\/\/wayss.renzcom.de\/?post_type=product&#038;p=57"},"modified":"2024-09-12T09:23:26","modified_gmt":"2024-09-12T07:23:26","slug":"becher-maxim","status":"publish","type":"product","link":"https:\/\/wf.lattmann.de\/privatkunden\/produkt\/becher-maxim\/","title":{"rendered":"Becher Maxim"},"content":{"rendered":"<ul>\n<li>Klassisches Erscheinungsbild, produziert in Europa<\/li>\n<li>Porzellan-Tasse<\/li>\n<li>gl\u00e4nzend wei\u00dfe Oberfl\u00e4che<\/li>\n<li>H\u00f6he: 99 mm<\/li>\n<li>Durchmesser: 86 mm<\/li>\n<li>F\u00fcllmenge: 0,30 l<\/li>\n<\/ul>\n","protected":false},"excerpt":{"rendered":"<p>VPE: 1 St\u00fcck<\/p>\n","protected":false},"featured_media":175,"template":"","meta":[],"product_brand":[],"product_cat":[42],"product_tag":[],"class_list":{"0":"post-57","1":"product","2":"type-product","3":"status-publish","4":"has-post-thumbnail","6":"product_cat-werbeartikel","8":"first","9":"instock","10":"taxable","11":"shipping-taxable","12":"purchasable","13":"product-type-simple"},"_links":{"self":[{"href":"https:\/\/wf.lattmann.de\/privatkunden\/wp-json\/wp\/v2\/product\/57","targetHints":{"allow":["GET"]}}],"collection":[{"href":"https:\/\/wf.lattmann.de\/privatkunden\/wp-json\/wp\/v2\/product"}],"about":[{"href":"https:\/\/wf.lattmann.de\/privatkunden\/wp-json\/wp\/v2\/types\/product"}],"wp:featuredmedia":[{"embeddable":true,"href":"https:\/\/wf.lattmann.de\/privatkunden\/wp-json\/wp\/v2\/media\/175"}],"wp:attachment":[{"href":"https:\/\/wf.lattmann.de\/privatkunden\/wp-json\/wp\/v2\/media?parent=57"}],"wp:term":[{"taxonomy":"product_brand","embeddable":true,"href":"https:\/\/wf.lattmann.de\/privatkunden\/wp-json\/wp\/v2\/product_brand?post=57"},{"taxonomy":"product_cat","embeddable":true,"href":"https:\/\/wf.lattmann.de\/privatkunden\/wp-json\/wp\/v2\/product_cat?post=57"},{"taxonomy":"product_tag","embeddable":true,"href":"https:\/\/wf.lattmann.de\/privatkunden\/wp-json\/wp\/v2\/product_tag?post=57"}],"curies":[{"name":"wp","href":"https:\/\/api.w.org\/{rel}","templated":true}]}}