{"id":56,"date":"2023-10-26T15:57:56","date_gmt":"2023-10-26T13:57:56","guid":{"rendered":"http:\/\/wayss.renzcom.de\/?post_type=product&#038;p=56"},"modified":"2024-09-12T09:23:55","modified_gmt":"2024-09-12T07:23:55","slug":"stabila-zollstock","status":"publish","type":"product","link":"https:\/\/wf.lattmann.de\/privatkunden\/produkt\/stabila-zollstock\/","title":{"rendered":"Stabila Zollstock"},"content":{"rendered":"<ul>\n<li>2m, wei\u00df, Skalierung cm\/mm<\/li>\n<li>Genauigkeitsklasse III<\/li>\n<li>Hochwertiges Buchenholz, speziell ausgesucht f\u00fcr optimale Bruchfestigkeit und Elastizit\u00e4t.<\/li>\n<li>PEFC-Siegel garantiert die Verwendung von H\u00f6lzern aus nachhaltiger Waldbewirtschaftung.<\/li>\n<li>Umschlie\u00dfende, hochfeste Gelenkplatten, der verdeckte Niet und die geh\u00e4rteten Stahlfedern sorgen f\u00fcr Langlebigkeit, Leichtg\u00e4ngigkeit und exaktes Einrasten.<\/li>\n<li>Widerstandsf\u00e4hige, witterungsbest\u00e4ndige Lackierung zum Schutz der Holzl\u00e4ttchen und der Skala.<\/li>\n<li>Gro\u00dfe Ziffern f\u00fcr bessere Ablesbarkeit, auch bei schlechten Sichtverh\u00e4ltnissen.<\/li>\n<li>Rote Zehnerzahlen f\u00fcr schnelle Orientierung.<\/li>\n<li>Schwarze Ma\u00dfeinteilung mit klarem und deutlichem Druckbild.<\/li>\n<li>Mit W&amp;F Logo auf beiden Seitenfl\u00e4chen<\/li>\n<\/ul>\n","protected":false},"excerpt":{"rendered":"<p>VPE: 1 St\u00fcck<\/p>\n","protected":false},"featured_media":173,"template":"","meta":[],"product_brand":[],"product_cat":[42],"product_tag":[],"class_list":{"0":"post-56","1":"product","2":"type-product","3":"status-publish","4":"has-post-thumbnail","6":"product_cat-werbeartikel","8":"first","9":"instock","10":"taxable","11":"shipping-taxable","12":"purchasable","13":"product-type-simple"},"_links":{"self":[{"href":"https:\/\/wf.lattmann.de\/privatkunden\/wp-json\/wp\/v2\/product\/56","targetHints":{"allow":["GET"]}}],"collection":[{"href":"https:\/\/wf.lattmann.de\/privatkunden\/wp-json\/wp\/v2\/product"}],"about":[{"href":"https:\/\/wf.lattmann.de\/privatkunden\/wp-json\/wp\/v2\/types\/product"}],"wp:featuredmedia":[{"embeddable":true,"href":"https:\/\/wf.lattmann.de\/privatkunden\/wp-json\/wp\/v2\/media\/173"}],"wp:attachment":[{"href":"https:\/\/wf.lattmann.de\/privatkunden\/wp-json\/wp\/v2\/media?parent=56"}],"wp:term":[{"taxonomy":"product_brand","embeddable":true,"href":"https:\/\/wf.lattmann.de\/privatkunden\/wp-json\/wp\/v2\/product_brand?post=56"},{"taxonomy":"product_cat","embeddable":true,"href":"https:\/\/wf.lattmann.de\/privatkunden\/wp-json\/wp\/v2\/product_cat?post=56"},{"taxonomy":"product_tag","embeddable":true,"href":"https:\/\/wf.lattmann.de\/privatkunden\/wp-json\/wp\/v2\/product_tag?post=56"}],"curies":[{"name":"wp","href":"https:\/\/api.w.org\/{rel}","templated":true}]}}