{"id":511,"date":"2024-04-22T15:26:23","date_gmt":"2024-04-22T13:26:23","guid":{"rendered":"https:\/\/wayss.renzcom.de\/?post_type=product&#038;p=511"},"modified":"2024-09-12T09:13:42","modified_gmt":"2024-09-12T07:13:42","slug":"hakro-softshelljacke-ontario-herren","status":"publish","type":"product","link":"https:\/\/wf.lattmann.de\/privatkunden\/produkt\/hakro-softshelljacke-ontario-herren\/","title":{"rendered":"HAKRO SOFTSHELLJACKE ONTARIO HERREN"},"content":{"rendered":"<p>W\u00e4rmende, atmungsaktive, strapazierf\u00e4hige Softshelljacke mit wasser- und winddichtem Softshellobermaterial, abnehmbarer Kapuze, weitenverstellbarem Saumabschluss mit Tunnelkordelzug und Stoppern, verl\u00e4ngertem, abgerundetem R\u00fcckenteil, leichtem Microfleece an der Innenseite, Klettb\u00e4ndern an den \u00c4rmelabschl\u00fcssen zum stufenlosen Regulieren, hochwertigem Zwei-Wege-Frontrei\u00dfverschluss mit innenliegender Windschutzpatte und Rei\u00dfverschlussgarage, Rei\u00dfverschlusstasche am linken \u00c4rmel und seitlichen Rei\u00dfverschlusstaschen. Alle Rei\u00dfverschl\u00fcsse von YKK\u00ae. Hergestellt aus dehnf\u00e4higem Softshellmaterial f\u00fcr exzellente Bewegungsfreiheit aus Interlock-3-Lagen-Laminat mit TRIACTIVE PRO Technologie. Gewebtes HAKRO Necklabel aus hochwertigem Kettsatin mit weichen, ultraschallgeschnittenen Bandkanten f\u00fcr h\u00f6chsten Tragekomfort und gewebtes HAKRO Flaglabel an der linken Seitennaht.<\/p>\n<ul>\n<li>Material TRIACTIVE PRO<\/li>\n<li>Softshell aus Interlock-3-Lagen-Laminat aus 100 % Polyester Eigenschaft wasserdicht (Obermaterial mit Wassers\u00e4ule 5.000 mm)<\/li>\n<li>atmungsaktiv (Atmungsaktivit\u00e4t 5.000 g\/m\u00b2\/24h)<\/li>\n<li>klimaneutrales Produkt<\/li>\n<li>Ursprungsland Kambodscha<\/li>\n<li>Farbe: dunkelblau<\/li>\n<li><strong>Achtung: Textilprodukte sind vom Umtausch oder R\u00fccknahme ausgeschlossen.<\/strong><\/li>\n<li>Mit W&amp;F Logo<\/li>\n<li><strong>Versand nur innerhalb Deutschlands<\/strong><\/li>\n<\/ul>\n","protected":false},"excerpt":{"rendered":"<p>VPE: 1 St\u00fcck<\/p>\n","protected":false},"featured_media":512,"template":"","meta":[],"product_brand":[],"product_cat":[73],"product_tag":[],"class_list":{"0":"post-511","1":"product","2":"type-product","3":"status-publish","4":"has-post-thumbnail","6":"product_cat-textil","7":"product_shipping_class-textilien","9":"first","10":"instock","11":"taxable","12":"shipping-taxable","13":"purchasable","14":"product-type-variable"},"_links":{"self":[{"href":"https:\/\/wf.lattmann.de\/privatkunden\/wp-json\/wp\/v2\/product\/511","targetHints":{"allow":["GET"]}}],"collection":[{"href":"https:\/\/wf.lattmann.de\/privatkunden\/wp-json\/wp\/v2\/product"}],"about":[{"href":"https:\/\/wf.lattmann.de\/privatkunden\/wp-json\/wp\/v2\/types\/product"}],"wp:featuredmedia":[{"embeddable":true,"href":"https:\/\/wf.lattmann.de\/privatkunden\/wp-json\/wp\/v2\/media\/512"}],"wp:attachment":[{"href":"https:\/\/wf.lattmann.de\/privatkunden\/wp-json\/wp\/v2\/media?parent=511"}],"wp:term":[{"taxonomy":"product_brand","embeddable":true,"href":"https:\/\/wf.lattmann.de\/privatkunden\/wp-json\/wp\/v2\/product_brand?post=511"},{"taxonomy":"product_cat","embeddable":true,"href":"https:\/\/wf.lattmann.de\/privatkunden\/wp-json\/wp\/v2\/product_cat?post=511"},{"taxonomy":"product_tag","embeddable":true,"href":"https:\/\/wf.lattmann.de\/privatkunden\/wp-json\/wp\/v2\/product_tag?post=511"}],"curies":[{"name":"wp","href":"https:\/\/api.w.org\/{rel}","templated":true}]}}