{"id":397,"date":"2024-04-22T14:52:42","date_gmt":"2024-04-22T12:52:42","guid":{"rendered":"https:\/\/wayss.renzcom.de\/?post_type=product&#038;p=397"},"modified":"2024-09-12T09:17:53","modified_gmt":"2024-09-12T07:17:53","slug":"hakro-damen-polo-shirt-top","status":"publish","type":"product","link":"https:\/\/wf.lattmann.de\/privatkunden\/produkt\/hakro-damen-polo-shirt-top\/","title":{"rendered":"HAKRO DAMEN POLO SHIRT TOP"},"content":{"rendered":"<p>Klassisches Poloshirt f\u00fcr Damen mit hochwertig verarbeiteter 2-Loch-Knopfleiste mit extra haltbar angen\u00e4hten, bruchsicheren Kn\u00f6pfen, Ton in Ton mit gelasertem HAKRO Schriftzug. Mit Ersatzknopf, Nackenband und doppelt geriegelten Seitenschlitzen. Hergestellt aus feinmaschigem Piqu\u00e9 aus langstapeliger, gek\u00e4mmter und ringgesponnener Baumwolle. Gewebtes HAKRO Necklabel aus hochwertigem Kettsatin mit weichen, ultraschallgeschnittenen Bandkanten f\u00fcr angenehmen Tragekomfort und gewebtes HAKRO Flaglabel an der linken Seitennaht.<\/p>\n<ul>\n<li>Material Piqu\u00e9 aus 100 % Baumwolle<\/li>\n<li>Ausr\u00fcstung einlaufvorbehandelt Eigenschaft, klimaneutrales Produkt<\/li>\n<li>Ursprungsland T\u00fcrkei<\/li>\n<li>Farbe: dunkelblau<\/li>\n<li><strong>Achtung: Textilprodukte sind vom Umtausch oder R\u00fccknahme ausgeschlossen.<\/strong><\/li>\n<li>Mit W&amp;F Logo<\/li>\n<li><strong>Versand nur innerhalb Deutschlands<\/strong><\/li>\n<\/ul>\n","protected":false},"excerpt":{"rendered":"<p>VPE: 1 St\u00fcck<\/p>\n","protected":false},"featured_media":408,"template":"","meta":[],"product_brand":[],"product_cat":[73],"product_tag":[],"class_list":{"0":"post-397","1":"product","2":"type-product","3":"status-publish","4":"has-post-thumbnail","6":"product_cat-textil","7":"product_shipping_class-textilien","9":"first","10":"instock","11":"taxable","12":"shipping-taxable","13":"purchasable","14":"product-type-variable"},"_links":{"self":[{"href":"https:\/\/wf.lattmann.de\/privatkunden\/wp-json\/wp\/v2\/product\/397","targetHints":{"allow":["GET"]}}],"collection":[{"href":"https:\/\/wf.lattmann.de\/privatkunden\/wp-json\/wp\/v2\/product"}],"about":[{"href":"https:\/\/wf.lattmann.de\/privatkunden\/wp-json\/wp\/v2\/types\/product"}],"wp:featuredmedia":[{"embeddable":true,"href":"https:\/\/wf.lattmann.de\/privatkunden\/wp-json\/wp\/v2\/media\/408"}],"wp:attachment":[{"href":"https:\/\/wf.lattmann.de\/privatkunden\/wp-json\/wp\/v2\/media?parent=397"}],"wp:term":[{"taxonomy":"product_brand","embeddable":true,"href":"https:\/\/wf.lattmann.de\/privatkunden\/wp-json\/wp\/v2\/product_brand?post=397"},{"taxonomy":"product_cat","embeddable":true,"href":"https:\/\/wf.lattmann.de\/privatkunden\/wp-json\/wp\/v2\/product_cat?post=397"},{"taxonomy":"product_tag","embeddable":true,"href":"https:\/\/wf.lattmann.de\/privatkunden\/wp-json\/wp\/v2\/product_tag?post=397"}],"curies":[{"name":"wp","href":"https:\/\/api.w.org\/{rel}","templated":true}]}}