{"id":26,"date":"2023-10-26T15:02:53","date_gmt":"2023-10-26T13:02:53","guid":{"rendered":"http:\/\/wayss.renzcom.de\/agb\/"},"modified":"2024-09-03T14:25:03","modified_gmt":"2024-09-03T12:25:03","slug":"agb-2","status":"publish","type":"page","link":"https:\/\/wf.lattmann.de\/privatkunden\/agb-2\/","title":{"rendered":"AGB"},"content":{"rendered":"<h1>Allgemeine Gesch\u00e4ftsbedingungen<\/h1>\n<p><strong>1\u00a0\u00a0\u00a0\u00a0\u00a0\u00a0\u00a0 Geltungsbereich <\/strong><\/p>\n<p>1.1 \u00a0\u00a0\u00a0 Diese Allgemeinen Gesch\u00e4ftsbedingungen (\u201eAGB\u201c) gelten f\u00fcr alle Online-Kaufvertr\u00e4ge, die zwischen der Verk\u00e4uferin Wayss &amp; Freytag Ingenieurbau AG (\u201eW&amp;F\u201c) und einem Verbraucher (\u201eKunde\u201c) \u00fcber den W&amp;F-Onlineshop \u00a0(\u201eWebshop\u201c) geschlossen werden, sowie f\u00fcr deren Anbahnung.<\/p>\n<p>1.2\u00a0\u00a0\u00a0\u00a0 Verbraucher ist jede nat\u00fcrliche Person, die ein Rechtsgesch\u00e4ft (hier: die Bestellung im Webshop) zu Zwecken abschlie\u00dft, die \u00fcberwiegend weder ihrer gewerblichen noch ihrer selbst\u00e4ndigen beruflichen T\u00e4tigkeit zugerechnet werden k\u00f6nnen.<\/p>\n<p><strong>2\u00a0\u00a0\u00a0\u00a0\u00a0\u00a0\u00a0 Vertragspartner und Verwender <\/strong><\/p>\n<p>Der Kaufvertrag kommt zustande mit der Wayss &amp; Freytag Ingenieurbau AG, Eschborner Landstra\u00dfe 130-132, D-60489 Frankfurt am Main, Handelsregister: Amtsgericht Frankfurt am Main, HRB 49323. Diese ist auch Verwender dieser AGB.<\/p>\n<p><strong>3\u00a0\u00a0\u00a0\u00a0\u00a0\u00a0\u00a0 Vertragsschluss<\/strong><\/p>\n<p>3.1\u00a0\u00a0\u00a0\u00a0 Die Darstellung der Waren im Webshop stellt kein rechtlich bindendes Angebot der W&amp;F, sondern nur eine Aufforderung zur Bestellung dar.<\/p>\n<p>3.2\u00a0\u00a0\u00a0\u00a0 Durch Anklicken des Buttons zahlungspflichtig bestellen auf der Bestellseite des Webshops gibt der Kunde ein verbindliches Angebot zum Kauf der im Warenkorb aufgelisteten Waren ab (\u201eBestellung\u201c). Der Kaufvertrag ist zustande gekommen, wenn W&amp;F die Bestellung mittels Bestellbest\u00e4tigung per E-Mail unverz\u00fcglich nach dem Erhalt der Bestellung annimmt.<\/p>\n<p><strong>4\u00a0\u00a0\u00a0\u00a0\u00a0\u00a0\u00a0 Widerrufsrecht <\/strong><\/p>\n<p>4.1\u00a0\u00a0\u00a0\u00a0 Als Verbraucher steht dem Kunden ein Widerrufsrecht nach den gesetzlichen Bestimmungen zu.<\/p>\n<p>4.2\u00a0\u00a0\u00a0\u00a0 Kein Widerrufsrecht besteht beim Kauf von Waren, die nach Kundenspezifikation angefertigt wurden.<\/p>\n<p>4.3\u00a0\u00a0\u00a0\u00a0 Das Widerrufsrecht des Verbrauchers unterliegt den Regelungen, die in der nachfolgenden Widerrufsbelehrung im Einzelnen wiedergegeben sind.<\/p>\n<p><a href=\"https:\/\/wf.lattmann.de\/privatkunden\/widerrufsbelehrung\/\"><strong>-&gt; Zur Widerrufsbelehrung<\/strong><\/a><\/p>\n<p>&nbsp;<\/p>\n<p><strong>5\u00a0\u00a0\u00a0\u00a0\u00a0\u00a0\u00a0 Preise, Versandkosten und sonstige zus\u00e4tzliche Kosten<\/strong><\/p>\n<p>5.1 \u00a0\u00a0\u00a0 Die auf den Produktseiten genannten Preise enthalten die gesetzliche Mehrwertsteuer und sonstige Preisbestandteile.<\/p>\n<p>5.2\u00a0\u00a0\u00a0\u00a0 Zus\u00e4tzlich zu den angegebenen Preisen werden die anfallenden Lieferkosten berechnet. Bei Lieferungen in andere EU-Staaten oder Staaten au\u00dferhalb der EU k\u00f6nnen h\u00f6here Kosten anfallen als bei Lieferungen innerhalb Deutschlands. Die Versandkosten fallen gem\u00e4\u00df Frachtkosten\u00fcbersicht an.<\/p>\n<p><strong>6\u00a0\u00a0\u00a0\u00a0\u00a0\u00a0\u00a0 Zahlung <\/strong><\/p>\n<p>Die Zahlung erfolgt per Rechnung. Zahlung auf das in der Rechnung genannte Konto. \u00a0Nachnahmen sind ausgeschlossen. Die Rechnungsstellung erfolgt durch den jeweiligen Anbieter. Lattmann Werbemittel GmbH, bzw. ATLAS Schuhfarbrik GmbH &amp;.Co.KG f\u00fcr Textilien.<\/p>\n<p><strong>7\u00a0\u00a0\u00a0\u00a0\u00a0\u00a0\u00a0 Lieferung<\/strong><\/p>\n<p>Die Lieferung erfolgt nur innerhalb der EU. Die Lieferung erfolgt per \u00a0UPS oder DHL. Die Lieferzeit betr\u00e4gt bis zu 5 Werktage nach Bestellung. Auf eventuell abweichende Lieferzeiten wird in der Bestellseite deutlich hingewiesen.<\/p>\n<p><strong>8\u00a0\u00a0\u00a0\u00a0\u00a0\u00a0\u00a0 Gew\u00e4hrleistung<\/strong><\/p>\n<p>W&amp;F haftet f\u00fcr M\u00e4ngel der gelieferten Ware nach den gesetzlichen Vorschriften.<\/p>\n<p><strong>9\u00a0\u00a0\u00a0\u00a0\u00a0\u00a0\u00a0 Datenschutz<\/strong><\/p>\n<p>W&amp;F wird im Zuge der Bestellung und der Abwicklung des Kaufvertrags personenbezogene Daten des Kunden unter Wahrung und Beachtung der gesetzlichen Anforderungen zum Datenschutz erheben, speichern, verarbeiten und \u00fcbertragen. Die Daten werden an Dritte nur weitergegeben, sofern es zur Bearbeitung der Bestellung, f\u00fcr die Lieferung und Rechnungsstellung oder sonstige Abwicklung des Kaufvertrags notwendig ist.<\/p>\n<p><strong>10\u00a0\u00a0\u00a0\u00a0\u00a0 Streitbeilegung <\/strong><\/p>\n<p>Zur Teilnahme an einem Streitbeilegungsverfahren vor einer Verbraucherschlichtungsstelle ist W&amp;F weder verpflichtet noch bereit.<\/p>\n<p>&nbsp;<\/p>\n","protected":false},"excerpt":{"rendered":"<p>Allgemeine Gesch\u00e4ftsbedingungen 1\u00a0\u00a0\u00a0\u00a0\u00a0\u00a0\u00a0 Geltungsbereich 1.1 \u00a0\u00a0\u00a0 Diese Allgemeinen Gesch\u00e4ftsbedingungen (\u201eAGB\u201c) gelten f\u00fcr alle Online-Kaufvertr\u00e4ge, die zwischen der Verk\u00e4uferin Wayss &amp; Freytag Ingenieurbau AG (\u201eW&amp;F\u201c) und einem Verbraucher (\u201eKunde\u201c) \u00fcber den W&amp;F-Onlineshop \u00a0(\u201eWebshop\u201c) geschlossen werden, sowie f\u00fcr deren Anbahnung. 1.2\u00a0\u00a0\u00a0\u00a0 Verbraucher ist jede nat\u00fcrliche Person, die ein Rechtsgesch\u00e4ft (hier: die Bestellung im Webshop) zu Zwecken abschlie\u00dft, [&hellip;]<\/p>\n","protected":false},"author":1,"featured_media":0,"parent":0,"menu_order":0,"comment_status":"closed","ping_status":"closed","template":"","meta":{"footnotes":""},"class_list":["post-26","page","type-page","status-publish","hentry"],"_links":{"self":[{"href":"https:\/\/wf.lattmann.de\/privatkunden\/wp-json\/wp\/v2\/pages\/26","targetHints":{"allow":["GET"]}}],"collection":[{"href":"https:\/\/wf.lattmann.de\/privatkunden\/wp-json\/wp\/v2\/pages"}],"about":[{"href":"https:\/\/wf.lattmann.de\/privatkunden\/wp-json\/wp\/v2\/types\/page"}],"author":[{"embeddable":true,"href":"https:\/\/wf.lattmann.de\/privatkunden\/wp-json\/wp\/v2\/users\/1"}],"replies":[{"embeddable":true,"href":"https:\/\/wf.lattmann.de\/privatkunden\/wp-json\/wp\/v2\/comments?post=26"}],"version-history":[{"count":6,"href":"https:\/\/wf.lattmann.de\/privatkunden\/wp-json\/wp\/v2\/pages\/26\/revisions"}],"predecessor-version":[{"id":883,"href":"https:\/\/wf.lattmann.de\/privatkunden\/wp-json\/wp\/v2\/pages\/26\/revisions\/883"}],"wp:attachment":[{"href":"https:\/\/wf.lattmann.de\/privatkunden\/wp-json\/wp\/v2\/media?parent=26"}],"curies":[{"name":"wp","href":"https:\/\/api.w.org\/{rel}","templated":true}]}}