{"id":58,"date":"2023-10-26T16:00:20","date_gmt":"2023-10-26T14:00:20","guid":{"rendered":"http:\/\/wayss.renzcom.de\/?post_type=product&#038;p=58"},"modified":"2025-06-19T10:16:44","modified_gmt":"2025-06-19T08:16:44","slug":"cafe-set-maxim","status":"publish","type":"product","link":"https:\/\/wf.lattmann.de\/business\/produkt\/cafe-set-maxim\/","title":{"rendered":"Cafe Set Maxim"},"content":{"rendered":"<ul>\n<li>Klassisches Erscheinungsbild, produziert in Europa<\/li>\n<li>Porzellan-Tasse und Untertasse<\/li>\n<li>gl\u00e4nzend wei\u00dfe Oberfl\u00e4che<\/li>\n<li>H\u00f6he: 82 mm<\/li>\n<li>Durchmesser: 80 mm<\/li>\n<li>F\u00fcllmenge: 0,20 l<\/li>\n<li>Untertasse: 148 mm<\/li>\n<li>Mit W&amp;F Logo gegen\u00fcber dem Henkel<\/li>\n<\/ul>\n","protected":false},"excerpt":{"rendered":"<p>VPE 36<\/p>\n","protected":false},"featured_media":177,"template":"","meta":[],"product_brand":[],"product_cat":[42],"product_tag":[],"class_list":{"0":"post-58","1":"product","2":"type-product","3":"status-publish","4":"has-post-thumbnail","6":"product_cat-werbeartikel","8":"first","9":"instock","10":"shipping-taxable","11":"purchasable","12":"product-type-simple"},"_links":{"self":[{"href":"https:\/\/wf.lattmann.de\/business\/wp-json\/wp\/v2\/product\/58","targetHints":{"allow":["GET"]}}],"collection":[{"href":"https:\/\/wf.lattmann.de\/business\/wp-json\/wp\/v2\/product"}],"about":[{"href":"https:\/\/wf.lattmann.de\/business\/wp-json\/wp\/v2\/types\/product"}],"wp:featuredmedia":[{"embeddable":true,"href":"https:\/\/wf.lattmann.de\/business\/wp-json\/wp\/v2\/media\/177"}],"wp:attachment":[{"href":"https:\/\/wf.lattmann.de\/business\/wp-json\/wp\/v2\/media?parent=58"}],"wp:term":[{"taxonomy":"product_brand","embeddable":true,"href":"https:\/\/wf.lattmann.de\/business\/wp-json\/wp\/v2\/product_brand?post=58"},{"taxonomy":"product_cat","embeddable":true,"href":"https:\/\/wf.lattmann.de\/business\/wp-json\/wp\/v2\/product_cat?post=58"},{"taxonomy":"product_tag","embeddable":true,"href":"https:\/\/wf.lattmann.de\/business\/wp-json\/wp\/v2\/product_tag?post=58"}],"curies":[{"name":"wp","href":"https:\/\/api.w.org\/{rel}","templated":true}]}}