{"id":458,"date":"2024-04-22T15:13:04","date_gmt":"2024-04-22T13:13:04","guid":{"rendered":"https:\/\/wayss.renzcom.de\/?post_type=product&#038;p=458"},"modified":"2024-06-14T13:01:23","modified_gmt":"2024-06-14T11:01:23","slug":"hakro-t-shirt-classic-herren","status":"publish","type":"product","link":"https:\/\/wf.lattmann.de\/business\/produkt\/hakro-t-shirt-classic-herren\/","title":{"rendered":"HAKRO T-SHIRT CLASSIC Herren"},"content":{"rendered":"<p>Klassisches T-Shirt mit rundem Halsausschnitt, LYCRA\u00ae-verst\u00e4rktem Halsb\u00fcndchen und Nackenband. Hergestellt aus feinem, mittelschwerem Single-Jersey aus langstapeliger, gek\u00e4mmter und ringgesponnener CmiA-Baumwolle. Gewebtes HAKRO Necklabel aus hochwertigem Kettsatin mit weichen, ultraschallgeschnittenen Bandkanten f\u00fcr h\u00f6chsten Tragekomfort und gewebtes HAKRO Flaglabel an der linken Seitennaht.<\/p>\n<ul>\n<li>Material Single-Jersey aus 100 % Baumwolle<\/li>\n<li>Ausr\u00fcstung einlaufvorbehandelt Eigenschaft klimaneutrales Produkt<\/li>\n<li>Ursprungsland Bangladesch<\/li>\n<li>Farbe: dunkelblau<\/li>\n<li><strong>Achtung: Textilprodukte sind vom Umtausch oder R\u00fccknahme ausgeschlossen.<\/strong><\/li>\n<li>Mit W&amp;F Logo<\/li>\n<\/ul>\n","protected":false},"excerpt":{"rendered":"<p>VPE 1<\/p>\n","protected":false},"featured_media":459,"template":"","meta":[],"product_brand":[],"product_cat":[73],"product_tag":[],"class_list":{"0":"post-458","1":"product","2":"type-product","3":"status-publish","4":"has-post-thumbnail","6":"product_cat-textil","8":"first","9":"instock","10":"shipping-taxable","11":"purchasable","12":"product-type-variable"},"_links":{"self":[{"href":"https:\/\/wf.lattmann.de\/business\/wp-json\/wp\/v2\/product\/458","targetHints":{"allow":["GET"]}}],"collection":[{"href":"https:\/\/wf.lattmann.de\/business\/wp-json\/wp\/v2\/product"}],"about":[{"href":"https:\/\/wf.lattmann.de\/business\/wp-json\/wp\/v2\/types\/product"}],"wp:featuredmedia":[{"embeddable":true,"href":"https:\/\/wf.lattmann.de\/business\/wp-json\/wp\/v2\/media\/459"}],"wp:attachment":[{"href":"https:\/\/wf.lattmann.de\/business\/wp-json\/wp\/v2\/media?parent=458"}],"wp:term":[{"taxonomy":"product_brand","embeddable":true,"href":"https:\/\/wf.lattmann.de\/business\/wp-json\/wp\/v2\/product_brand?post=458"},{"taxonomy":"product_cat","embeddable":true,"href":"https:\/\/wf.lattmann.de\/business\/wp-json\/wp\/v2\/product_cat?post=458"},{"taxonomy":"product_tag","embeddable":true,"href":"https:\/\/wf.lattmann.de\/business\/wp-json\/wp\/v2\/product_tag?post=458"}],"curies":[{"name":"wp","href":"https:\/\/api.w.org\/{rel}","templated":true}]}}