{"id":426,"date":"2024-04-22T15:03:16","date_gmt":"2024-04-22T13:03:16","guid":{"rendered":"https:\/\/wayss.renzcom.de\/?post_type=product&#038;p=426"},"modified":"2025-08-04T10:37:42","modified_gmt":"2025-08-04T08:37:42","slug":"hakro-damen-softshelljacke-alberta","status":"publish","type":"product","link":"https:\/\/wf.lattmann.de\/business\/produkt\/hakro-damen-softshelljacke-alberta\/","title":{"rendered":"HAKRO DAMEN SOFTSHELLJACKE ALBERTA"},"content":{"rendered":"<p>W\u00e4rmende, atmungsaktive, strapazierf\u00e4hige Softshelljacke mit wasser- und winddichtem Softshellobermaterial, abnehmbarer Kapuze, weitenverstellbarem Saumabschluss mit Tunnelkordelzug und Stoppern, verl\u00e4ngertem, abgerundetem R\u00fcckenteil, leichtem Microfleece an der Innenseite, Klettb\u00e4ndern an den \u00c4rmelabschl\u00fcssen zum stufenlosen Regulieren, hochwertigem Zwei-Wege-Frontrei\u00dfverschluss mit innenliegender Windschutzpatte und Rei\u00dfverschlussgarage, Rei\u00dfverschlusstasche am linken \u00c4rmel und seitlichen Rei\u00dfverschlusstaschen. Alle Rei\u00dfverschl\u00fcsse von YKK\u00ae. Hergestellt aus dehnf\u00e4higem Softshellmaterial f\u00fcr exzellente Bewegungsfreiheit aus Interlock-3-Lagen-Laminat mit TRIACTIVE PRO Technologie. Gewebtes HAKRO Necklabel aus hochwertigem Kettsatin mit weichen, ultraschallgeschnittenen Bandkanten f\u00fcr h\u00f6chsten Tragekomfort und gewebtes HAKRO Flaglabel an der linken Seitennaht.<\/p>\n<ul>\n<li>Material TRIACTIVE PRO<\/li>\n<li>Softshell aus Interlock-3-Lagen-Laminat aus 100 % Polyester Eigenschaft wasserdicht (Obermaterial mit Wassers\u00e4ule 5.000 mm)<\/li>\n<li>atmungsaktiv (Atmungsaktivit\u00e4t 5.000 g\/m\u00b2\/24h), klimaneutrales Produkt<\/li>\n<li>Ursprungsland Kambodscha<\/li>\n<li>Farbe: dunkelblau<\/li>\n<li><strong>Achtung: Textilprodukte sind vom Umtausch oder R\u00fccknahme ausgeschlossen.<\/strong><\/li>\n<li>Mit W&amp;F Logo<\/li>\n<\/ul>\n","protected":false},"excerpt":{"rendered":"<p>VPE 1<\/p>\n","protected":false},"featured_media":431,"template":"","meta":[],"product_brand":[],"product_cat":[73],"product_tag":[],"class_list":{"0":"post-426","1":"product","2":"type-product","3":"status-publish","4":"has-post-thumbnail","6":"product_cat-textil","8":"first","9":"instock","10":"shipping-taxable","11":"purchasable","12":"product-type-variable"},"_links":{"self":[{"href":"https:\/\/wf.lattmann.de\/business\/wp-json\/wp\/v2\/product\/426","targetHints":{"allow":["GET"]}}],"collection":[{"href":"https:\/\/wf.lattmann.de\/business\/wp-json\/wp\/v2\/product"}],"about":[{"href":"https:\/\/wf.lattmann.de\/business\/wp-json\/wp\/v2\/types\/product"}],"wp:featuredmedia":[{"embeddable":true,"href":"https:\/\/wf.lattmann.de\/business\/wp-json\/wp\/v2\/media\/431"}],"wp:attachment":[{"href":"https:\/\/wf.lattmann.de\/business\/wp-json\/wp\/v2\/media?parent=426"}],"wp:term":[{"taxonomy":"product_brand","embeddable":true,"href":"https:\/\/wf.lattmann.de\/business\/wp-json\/wp\/v2\/product_brand?post=426"},{"taxonomy":"product_cat","embeddable":true,"href":"https:\/\/wf.lattmann.de\/business\/wp-json\/wp\/v2\/product_cat?post=426"},{"taxonomy":"product_tag","embeddable":true,"href":"https:\/\/wf.lattmann.de\/business\/wp-json\/wp\/v2\/product_tag?post=426"}],"curies":[{"name":"wp","href":"https:\/\/api.w.org\/{rel}","templated":true}]}}