{"id":23,"date":"2023-10-26T14:39:38","date_gmt":"2023-10-26T12:39:38","guid":{"rendered":"http:\/\/wayss.renzcom.de\/?post_type=product&#038;p=23"},"modified":"2024-03-11T12:23:19","modified_gmt":"2024-03-11T11:23:19","slug":"kugelschreiber-sky-m-si","status":"publish","type":"product","link":"https:\/\/wf.lattmann.de\/business\/produkt\/kugelschreiber-sky-m-si\/","title":{"rendered":"Kugelschreiber SKY M-SI"},"content":{"rendered":"<ul>\n<li>Druckkugelschreiber mit gedeckt gl\u00e4nzendem Geh\u00e4use in uni wei\u00df, flexiblem Metallclip und schwerer Metallspitze glanzverchromt. Refill 1.0 blue Europ\u00e4ische Kunststoff-Gro\u00dfraummine.<\/li>\n<li>Mit W&amp;F Logo auf dem Schaft<\/li>\n<\/ul>\n","protected":false},"excerpt":{"rendered":"<p>VPE 10<\/p>\n","protected":false},"featured_media":179,"template":"","meta":[],"product_brand":[],"product_cat":[42],"product_tag":[],"class_list":{"0":"post-23","1":"product","2":"type-product","3":"status-publish","4":"has-post-thumbnail","6":"product_cat-werbeartikel","8":"first","9":"instock","10":"shipping-taxable","11":"purchasable","12":"product-type-simple"},"_links":{"self":[{"href":"https:\/\/wf.lattmann.de\/business\/wp-json\/wp\/v2\/product\/23","targetHints":{"allow":["GET"]}}],"collection":[{"href":"https:\/\/wf.lattmann.de\/business\/wp-json\/wp\/v2\/product"}],"about":[{"href":"https:\/\/wf.lattmann.de\/business\/wp-json\/wp\/v2\/types\/product"}],"wp:featuredmedia":[{"embeddable":true,"href":"https:\/\/wf.lattmann.de\/business\/wp-json\/wp\/v2\/media\/179"}],"wp:attachment":[{"href":"https:\/\/wf.lattmann.de\/business\/wp-json\/wp\/v2\/media?parent=23"}],"wp:term":[{"taxonomy":"product_brand","embeddable":true,"href":"https:\/\/wf.lattmann.de\/business\/wp-json\/wp\/v2\/product_brand?post=23"},{"taxonomy":"product_cat","embeddable":true,"href":"https:\/\/wf.lattmann.de\/business\/wp-json\/wp\/v2\/product_cat?post=23"},{"taxonomy":"product_tag","embeddable":true,"href":"https:\/\/wf.lattmann.de\/business\/wp-json\/wp\/v2\/product_tag?post=23"}],"curies":[{"name":"wp","href":"https:\/\/api.w.org\/{rel}","templated":true}]}}