{"id":1034,"date":"2025-04-30T13:10:27","date_gmt":"2025-04-30T11:10:27","guid":{"rendered":"https:\/\/wf.lattmann.de\/business\/?post_type=product&#038;p=1034"},"modified":"2026-01-21T11:25:38","modified_gmt":"2026-01-21T10:25:38","slug":"willkommenspaket-gross-unbefristet-angestellt","status":"publish","type":"product","link":"https:\/\/wf.lattmann.de\/business\/produkt\/willkommenspaket-gross-unbefristet-angestellt\/","title":{"rendered":"Willkommenspaket gro\u00df (unbefristet angestellt)"},"content":{"rendered":"<p>Willkommenspaket gro\u00df f\u00fcr unbefristet Angestellte<\/p>\n<p>Inhalt je 1x:<\/p>\n<p>Anti Stress Bauhelm<\/p>\n<p>Lunchbox<\/p>\n<p>Easy Charger<\/p>\n<p>Einkaufswagenl\u00f6ser Karl Builder<\/p>\n<p>Cap<\/p>\n<p>Memo Book<\/p>\n<p>Kugelschreiber<\/p>\n<p>Karte Herzlich Willkommen<\/p>\n","protected":false},"excerpt":{"rendered":"<p>VE: 5 St\u00fcck<\/p>\n<p>&nbsp;<\/p>\n<p>&nbsp;<\/p>\n","protected":false},"featured_media":1082,"template":"","meta":[],"product_brand":[],"product_cat":[42],"product_tag":[],"class_list":{"0":"post-1034","1":"product","2":"type-product","3":"status-publish","4":"has-post-thumbnail","6":"product_cat-werbeartikel","8":"first","9":"instock","10":"shipping-taxable","11":"purchasable","12":"product-type-simple"},"_links":{"self":[{"href":"https:\/\/wf.lattmann.de\/business\/wp-json\/wp\/v2\/product\/1034","targetHints":{"allow":["GET"]}}],"collection":[{"href":"https:\/\/wf.lattmann.de\/business\/wp-json\/wp\/v2\/product"}],"about":[{"href":"https:\/\/wf.lattmann.de\/business\/wp-json\/wp\/v2\/types\/product"}],"wp:featuredmedia":[{"embeddable":true,"href":"https:\/\/wf.lattmann.de\/business\/wp-json\/wp\/v2\/media\/1082"}],"wp:attachment":[{"href":"https:\/\/wf.lattmann.de\/business\/wp-json\/wp\/v2\/media?parent=1034"}],"wp:term":[{"taxonomy":"product_brand","embeddable":true,"href":"https:\/\/wf.lattmann.de\/business\/wp-json\/wp\/v2\/product_brand?post=1034"},{"taxonomy":"product_cat","embeddable":true,"href":"https:\/\/wf.lattmann.de\/business\/wp-json\/wp\/v2\/product_cat?post=1034"},{"taxonomy":"product_tag","embeddable":true,"href":"https:\/\/wf.lattmann.de\/business\/wp-json\/wp\/v2\/product_tag?post=1034"}],"curies":[{"name":"wp","href":"https:\/\/api.w.org\/{rel}","templated":true}]}}