{"id":199,"date":"2023-11-13T12:16:04","date_gmt":"2023-11-13T11:16:04","guid":{"rendered":"http:\/\/wayss.renzcom.de\/?page_id=199"},"modified":"2024-03-14T13:06:58","modified_gmt":"2024-03-14T12:06:58","slug":"datenschutzerklaerung","status":"publish","type":"page","link":"https:\/\/wf.lattmann.de\/business\/datenschutzerklaerung\/","title":{"rendered":"Datenschutzerkl\u00e4rung"},"content":{"rendered":"<section  class='av_textblock_section av-lowt6nka-0c2580bd8100d08a3d22b9b502ddcfdf '   itemscope=\"itemscope\" itemtype=\"https:\/\/schema.org\/CreativeWork\" ><div class='avia_textblock'  itemprop=\"text\" ><h1>Nutzung unseres Webshops<\/h1>\n<p>(1) Wenn Sie in unserem Webshop bestellen m\u00f6chten, ist es f\u00fcr den Vertragsabschluss erforderlich, dass Sie Ihre pers\u00f6nlichen Daten angeben, die wir zum Zweck der Abwicklung Ihrer Bestellung ben\u00f6tigen.<\/p>\n<p>F\u00fcr die Abwicklung der Vertr\u00e4ge notwendige Pflichtangaben sind gesondert markiert, weitere Angaben sind freiwillig.<\/p>\n<p>F\u00fcr die Bezahlung k\u00f6nnen Sie Ihre Zahlungsdaten bei unseren Zahlungsdienstleister angeben oder (\u2026), wobei diese Dritten jeweils eigenst\u00e4ndig f\u00fcr die Zahlungsabwicklung verantwortlich sind. Rechtsgrundlage hierf\u00fcr ist Art.\u00a06 Abs.\u00a01 S.\u00a01 lit. b DSGVO.<\/p>\n<p>Sie k\u00f6nnen auf Wunsch ein Kundenkonto anlegen, durch das wir Ihre Daten f\u00fcr sp\u00e4tere weitere Eink\u00e4ufe speichern k\u00f6nnen. Bei Anlegung eines Accounts unter \u201e[Mein Konto]\u201c werden die von Ihnen angegebenen Daten widerruflich gespeichert. Alle weiteren Daten, inklusive Ihres Nutzerkontos, k\u00f6nnen Sie im Kundenbereich stets l\u00f6schen.<\/p>\n<p>Wir k\u00f6nnen die von Ihnen angegebenen Daten zudem verarbeiten, um Sie \u00fcber weitere interessante Produkte aus unserem Portfolio zu informieren oder Ihnen E-Mails mit technischen Informationen zukommen lassen.<\/p>\n<p>(2) Wir sind aufgrund handels- und steuerrechtlicher Vorgaben verpflichtet, Ihre Adress-, Zahlungs- und Bestelldaten f\u00fcr die Dauer von zehn Jahren zu speichern.<\/p>\n<\/div><\/section>\n","protected":false},"excerpt":{"rendered":"","protected":false},"author":1,"featured_media":0,"parent":0,"menu_order":0,"comment_status":"closed","ping_status":"closed","template":"","meta":{"footnotes":""},"class_list":["post-199","page","type-page","status-publish","hentry"],"_links":{"self":[{"href":"https:\/\/wf.lattmann.de\/business\/wp-json\/wp\/v2\/pages\/199","targetHints":{"allow":["GET"]}}],"collection":[{"href":"https:\/\/wf.lattmann.de\/business\/wp-json\/wp\/v2\/pages"}],"about":[{"href":"https:\/\/wf.lattmann.de\/business\/wp-json\/wp\/v2\/types\/page"}],"author":[{"embeddable":true,"href":"https:\/\/wf.lattmann.de\/business\/wp-json\/wp\/v2\/users\/1"}],"replies":[{"embeddable":true,"href":"https:\/\/wf.lattmann.de\/business\/wp-json\/wp\/v2\/comments?post=199"}],"version-history":[{"count":4,"href":"https:\/\/wf.lattmann.de\/business\/wp-json\/wp\/v2\/pages\/199\/revisions"}],"predecessor-version":[{"id":352,"href":"https:\/\/wf.lattmann.de\/business\/wp-json\/wp\/v2\/pages\/199\/revisions\/352"}],"wp:attachment":[{"href":"https:\/\/wf.lattmann.de\/business\/wp-json\/wp\/v2\/media?parent=199"}],"curies":[{"name":"wp","href":"https:\/\/api.w.org\/{rel}","templated":true}]}}